{"id":7671,"date":"2024-05-22T09:40:39","date_gmt":"2024-05-22T07:40:39","guid":{"rendered":"https:\/\/www.powr.earth\/privacy-policy\/"},"modified":"2024-06-17T14:38:51","modified_gmt":"2024-06-17T12:38:51","slug":"privacy-policy","status":"publish","type":"page","link":"https:\/\/www.powr.earth\/en\/privacy-policy\/","title":{"rendered":"Privacy policy"},"content":{"rendered":"\t\t<div data-elementor-type=\"wp-page\" data-elementor-id=\"7671\" class=\"elementor elementor-7671 elementor-3\" data-elementor-post-type=\"page\">\n\t\t\t\t\t\t<section class=\"elementor-section elementor-top-section elementor-element elementor-element-41fc7807 elementor-section-boxed elementor-section-height-default elementor-section-height-default\" data-id=\"41fc7807\" data-element_type=\"section\" data-settings=\"{&quot;background_background&quot;:&quot;classic&quot;}\">\n\t\t\t\t\t\t<div class=\"elementor-container elementor-column-gap-no\">\n\t\t\t\t\t<div class=\"elementor-column elementor-col-100 elementor-top-column elementor-element elementor-element-5b45fe40\" data-id=\"5b45fe40\" data-element_type=\"column\">\n\t\t\t<div class=\"elementor-widget-wrap elementor-element-populated\">\n\t\t\t\t\t\t<section class=\"elementor-section elementor-inner-section elementor-element elementor-element-93b89df elementor-section-content-middle elementor-section-boxed elementor-section-height-default elementor-section-height-default\" data-id=\"93b89df\" data-element_type=\"section\">\n\t\t\t\t\t\t<div class=\"elementor-container elementor-column-gap-no\">\n\t\t\t\t\t<div class=\"elementor-column elementor-col-100 elementor-inner-column elementor-element elementor-element-155baae4\" data-id=\"155baae4\" data-element_type=\"column\">\n\t\t\t<div class=\"elementor-widget-wrap elementor-element-populated\">\n\t\t\t\t\t\t<div class=\"elementor-element elementor-element-6796c6ad elementor-widget__width-auto elementor-widget-mobile__width-inherit elementor-widget elementor-widget-heading\" data-id=\"6796c6ad\" data-element_type=\"widget\" data-widget_type=\"heading.default\">\n\t\t\t\t<div class=\"elementor-widget-container\">\n\t\t\t\t\t<h1 class=\"elementor-heading-title elementor-size-default\">Privacy policy<\/h1>\t\t\t\t<\/div>\n\t\t\t\t<\/div>\n\t\t\t\t\t<\/div>\n\t\t<\/div>\n\t\t\t\t\t<\/div>\n\t\t<\/section>\n\t\t\t\t<div class=\"elementor-element elementor-element-555f7040 elementor-hidden-mobile elementor-hidden-tablet elementor-widget-divider--view-line elementor-widget elementor-widget-divider\" data-id=\"555f7040\" data-element_type=\"widget\" data-widget_type=\"divider.default\">\n\t\t\t\t<div class=\"elementor-widget-container\">\n\t\t\t\t\t\t\t<div class=\"elementor-divider\">\n\t\t\t<span class=\"elementor-divider-separator\">\n\t\t\t\t\t\t<\/span>\n\t\t<\/div>\n\t\t\t\t\t\t<\/div>\n\t\t\t\t<\/div>\n\t\t\t\t\t<\/div>\n\t\t<\/div>\n\t\t\t\t\t<\/div>\n\t\t<\/section>\n\t\t<div class=\"elementor-element elementor-element-783ba6b4 e-flex e-con-boxed e-con e-parent\" data-id=\"783ba6b4\" data-element_type=\"container\">\n\t\t\t\t\t<div class=\"e-con-inner\">\n\t\t\t\t<div class=\"elementor-element elementor-element-94392ea elementor-widget elementor-widget-text-editor\" data-id=\"94392ea\" data-element_type=\"widget\" data-widget_type=\"text-editor.default\">\n\t\t\t\t<div class=\"elementor-widget-container\">\n\t\t\t\t\t\t\t\t\t<h4 class=\"font_8 wixui-rich-text__text\">A. Introduction<\/h4>\n<ol class=\"font_8 wixui-rich-text__text\">\n<li class=\"wixui-rich-text__text\">\n<p class=\"font_8 wixui-rich-text__text\">The privacy of visitors to our website is very important to us, and we are committed to protecting it. This policy details what we do with your personal information.<\/p>\n<\/li>\n<li class=\"wixui-rich-text__text\">\n<p class=\"font_8 wixui-rich-text__text\">Consenting to our use of cookies in accordance with this policy on your first visit to our website allows us to use cookies each time you visit our site.<\/p>\n<\/li>\n<\/ol>\n<h4 class=\"font_8 wixui-rich-text__text\">B. Collection of personal information<\/h4>\n<p class=\"font_8 wixui-rich-text__text\">The following types of personal information may be collected, stored and used:<\/p>\n<ol class=\"font_8 wixui-rich-text__text\">\n<li class=\"wixui-rich-text__text\">\n<p class=\"font_8 wixui-rich-text__text\">Information about your computer, including your IP address, geographic location, browser type and version, and operating system;<\/p>\n<\/li>\n<li class=\"wixui-rich-text__text\">\n<p class=\"font_8 wixui-rich-text__text\">Information about your visits to and use of this website including referrer source, length of visit, pages viewed, and website navigation paths;<\/p>\n<\/li>\n<li class=\"wixui-rich-text__text\">\n<p class=\"font_8 wixui-rich-text__text\">Information such as your e-mail address, which you provide when you register on the site;<\/p>\n<\/li>\n<li class=\"wixui-rich-text__text\">\n<p class=\"font_8 wixui-rich-text__text\">Information such as your name and e-mail address, which you enter to subscribe to our e-mails and\/or newsletters;<\/p>\n<\/li>\n<li class=\"wixui-rich-text__text\">\n<p class=\"font_8 wixui-rich-text__text\">Information you enter when you use our website services;<\/p>\n<\/li>\n<li class=\"wixui-rich-text__text\">\n<p class=\"font_8 wixui-rich-text__text\">Information generated when you use our site, including when, how often and under what circumstances you use it;<\/p>\n<\/li>\n<li class=\"wixui-rich-text__text\">\n<p class=\"font_8 wixui-rich-text__text\">Information about the purchases you make, the services you use or the transactions you carry out on our site, including your name, address, telephone number, e-mail address and bank details;<\/p>\n<\/li>\n<li class=\"wixui-rich-text__text\">\n<p class=\"font_8 wixui-rich-text__text\">Information that you publish on our website with the intention of publishing it on the Internet, including your username, your profile photos and the content of your publications;<\/p>\n<\/li>\n<li class=\"wixui-rich-text__text\">\n<p class=\"font_8 wixui-rich-text__text\">Information contained in any communications you send us by e-mail or on our website, including their content and metadata;<\/p>\n<\/li>\n<li class=\"wixui-rich-text__text\">\n<p class=\"font_8 wixui-rich-text__text\">Any other personal information you provide to us.<\/p>\n<\/li>\n<\/ol>\n<p class=\"font_8 wixui-rich-text__text\">Before disclosing personal information about another person to us, you must obtain that person&#8217;s consent to the disclosure and processing of that personal information under the terms of this policy.<\/p>\n<h4 class=\"font_8 wixui-rich-text__text\">C. Use of your personal information<\/h4>\n<p class=\"font_8 wixui-rich-text__text\">Personal information provided to us through our website will be used for the purposes described in this policy or in the relevant pages of the site. We may use your personal information to:<\/p>\n<ol class=\"font_8 wixui-rich-text__text\">\n<li class=\"wixui-rich-text__text\">\n<p class=\"font_8 wixui-rich-text__text\">Administering our website and company;<\/p>\n<\/li>\n<li class=\"wixui-rich-text__text\">\n<p class=\"font_8 wixui-rich-text__text\">Personalize our website for you;<\/p>\n<\/li>\n<li class=\"wixui-rich-text__text\">\n<p class=\"font_8 wixui-rich-text__text\">To enable you to use the services offered on our website;<\/p>\n<\/li>\n<li class=\"wixui-rich-text__text\">\n<p class=\"font_8 wixui-rich-text__text\">Send you the goods purchased on our site;<\/p>\n<\/li>\n<li class=\"wixui-rich-text__text\">\n<p class=\"font_8 wixui-rich-text__text\">To provide you with the services purchased on our site;<\/p>\n<\/li>\n<li class=\"wixui-rich-text__text\">\n<p class=\"font_8 wixui-rich-text__text\">Send you statements, invoices and payment reminders, and collect your payments;<\/p>\n<\/li>\n<li class=\"wixui-rich-text__text\">\n<p class=\"font_8 wixui-rich-text__text\">To send you non-marketing communications;<\/p>\n<\/li>\n<li class=\"wixui-rich-text__text\">\n<p class=\"font_8 wixui-rich-text__text\">Send you e-mail notifications that you have expressly requested;<\/p>\n<\/li>\n<li class=\"wixui-rich-text__text\">\n<p class=\"font_8 wixui-rich-text__text\">Send you our newsletter by e-mail, if you have requested it (you can inform us at any time if you no longer wish to receive our newsletter);<\/p>\n<\/li>\n<li class=\"wixui-rich-text__text\">\n<p class=\"font_8 wixui-rich-text__text\">To send you marketing communications relating to our company or to carefully selected third-party companies that we believe may be of interest to you, in the form of a publication, or if you have expressly agreed, by e-mail or similar technology (you may inform us at any time that you no longer wish to receive marketing communications);<\/p>\n<\/li>\n<li class=\"wixui-rich-text__text\">\n<p class=\"font_8 wixui-rich-text__text\">To provide statistical information about our users to third parties (without these third parties being able to identify individual users with this information);<\/p>\n<\/li>\n<li class=\"wixui-rich-text__text\">\n<p class=\"font_8 wixui-rich-text__text\">Handle requests and complaints relating to your website made by you or concerning you;<\/p>\n<\/li>\n<li class=\"wixui-rich-text__text\">\n<p class=\"font_8 wixui-rich-text__text\">Maintain the security of our website and prevent fraud;<\/p>\n<\/li>\n<li class=\"wixui-rich-text__text\">\n<p class=\"font_8 wixui-rich-text__text\">Verify compliance with the terms and conditions governing the use of our website (including monitoring private messages sent through our website&#8217;s private messaging service)<\/p>\n<\/li>\n<\/ol>\n<p class=\"font_8 wixui-rich-text__text\">If you submit personal information to our website for the purpose of publication, we will publish it and may use the information in accordance with the permissions you grant us.<\/p>\n<p class=\"font_8 wixui-rich-text__text\">Your privacy settings can be used to limit the publication of your information on our website and can be adjusted in your privacy settings on the website.<\/p>\n<p class=\"font_8 wixui-rich-text__text\">Without your explicit consent, we will not provide your personal information to third parties for their direct marketing or that of other third parties.<\/p>\n<h4 class=\"font_8 wixui-rich-text__text\">D. Disclosure of your personal information<\/h4>\n<p class=\"font_8 wixui-rich-text__text\">We may disclose your personal information to any of our employees, officers, insurers, professional advisors, agents, suppliers, or subcontractors to the extent reasonably necessary for the purposes set out in this policy.<\/p>\n<p class=\"font_8 wixui-rich-text__text\">We may disclose your personal information to any member of our group of companies (this means our subsidiaries, our ultimate holding company and any of its subsidiaries) to the extent reasonably necessary for the purposes set out in this policy.<\/p>\n<p class=\"font_8 wixui-rich-text__text\">We may disclose your personal information:<\/p>\n<ol class=\"font_8 wixui-rich-text__text\">\n<li class=\"wixui-rich-text__text\">\n<p class=\"font_8 wixui-rich-text__text\">To the extent that we are required to do so by law ;<\/p>\n<\/li>\n<li class=\"wixui-rich-text__text\">\n<p class=\"font_8 wixui-rich-text__text\">In the context of any current or future legal proceedings;<\/p>\n<\/li>\n<li class=\"wixui-rich-text__text\">\n<p class=\"font_8 wixui-rich-text__text\">To establish, exercise or defend our legal rights (including providing information to others for fraud prevention and credit risk reduction purposes);<\/p>\n<\/li>\n<li class=\"wixui-rich-text__text\">\n<p class=\"font_8 wixui-rich-text__text\">To the purchaser (or potential purchaser) of any business or assets in our possession that we wish (or are considering) to sell; and<\/p>\n<\/li>\n<li class=\"wixui-rich-text__text\">\n<p class=\"font_8 wixui-rich-text__text\">To any person whom we reasonably believe to be an integral part of a court or other competent authority for the disclosure of such personal information if, in our opinion, such a court or authority would be likely to require disclosure of such personal information.<\/p>\n<\/li>\n<\/ol>\n<p class=\"font_8 wixui-rich-text__text\">Except as otherwise provided in this policy, we will not share your personal information with third parties.<\/p>\n<h4 class=\"font_8 wixui-rich-text__text\">E. International data transfers<\/h4>\n<ol class=\"font_8 wixui-rich-text__text\">\n<li class=\"wixui-rich-text__text\">\n<p class=\"font_8 wixui-rich-text__text\">The information we collect may be stored, processed and transferred in any country in which we operate, to enable us to use the information in accordance with this policy.<\/p>\n<\/li>\n<li class=\"wixui-rich-text__text\">\n<p class=\"font_8 wixui-rich-text__text\">The information we collect may be transferred to the following countries, which do not have data protection laws equivalent to those in force in the European Economic Area: the United States of America, Russia, Japan, China and India.<\/p>\n<\/li>\n<li class=\"wixui-rich-text__text\">\n<p class=\"font_8 wixui-rich-text__text\">Personal information that you publish on our website or submit for publication may be available, via the Internet, worldwide. We cannot prevent the use, good or bad, of this information by third parties.<\/p>\n<\/li>\n<li class=\"wixui-rich-text__text\">\n<p class=\"font_8 wixui-rich-text__text\">You expressly consent to the transfer of personal information as described in this Section E.<\/p>\n<\/li>\n<\/ol>\n<h4 class=\"font_8 wixui-rich-text__text\">F. Retention of your personal information<\/h4>\n<ol class=\"font_8 wixui-rich-text__text\">\n<li class=\"wixui-rich-text__text\">\n<p class=\"font_8 wixui-rich-text__text\">This Section F details our data retention policies and procedures, designed to help us comply with our legal obligations regarding the retention and deletion of personal information.<\/p>\n<\/li>\n<li class=\"wixui-rich-text__text\">\n<p class=\"font_8 wixui-rich-text__text\">Personal information that we process for any purpose is retained no longer than is necessary for that purpose or those purposes.<\/p>\n<\/li>\n<li class=\"wixui-rich-text__text\">\n<p class=\"font_8 wixui-rich-text__text\">Without prejudice to Article F-2, we will generally delete personal data from these categories.<\/p>\n<\/li>\n<li class=\"wixui-rich-text__text\">\n<p class=\"font_8 wixui-rich-text__text\">Notwithstanding the other provisions of this Section F, we will retain documents (including electronic documents) containing personal data:<\/p>\n<ol class=\"font_8 wixui-rich-text__text\">\n<li class=\"wixui-rich-text__text\">\n<p class=\"font_8 wixui-rich-text__text\">To the extent that we are required to do so by law ;<\/p>\n<\/li>\n<li class=\"wixui-rich-text__text\">\n<p class=\"font_8 wixui-rich-text__text\">If we believe that the documents may be relevant to any current or potential legal proceedings; and<\/p>\n<\/li>\n<li class=\"wixui-rich-text__text\">\n<p class=\"font_8 wixui-rich-text__text\">To establish, exercise or defend our legal rights (including providing information to others for fraud prevention and credit risk reduction purposes).<\/p>\n<\/li>\n<\/ol>\n<\/li>\n<\/ol>\n<h4 class=\"font_8 wixui-rich-text__text\">G. Security of your personal information<\/h4>\n<ol class=\"font_8 wixui-rich-text__text\">\n<li class=\"wixui-rich-text__text\">\n<p class=\"font_8 wixui-rich-text__text\">We will take reasonable technical and organizational precautions to prevent the loss, misuse or alteration of your personal information.<\/p>\n<\/li>\n<li class=\"wixui-rich-text__text\">\n<p class=\"font_8 wixui-rich-text__text\">We will store any personal information you provide on secure servers (password and firewall protected).<\/p>\n<\/li>\n<li class=\"wixui-rich-text__text\">\n<p class=\"font_8 wixui-rich-text__text\">All electronic financial transactions made through our website are protected by encryption technologies.<\/p>\n<\/li>\n<li class=\"wixui-rich-text__text\">\n<p class=\"font_8 wixui-rich-text__text\">You acknowledge that the transmission of information over the Internet is inherently insecure, and that we cannot guarantee the security of your data sent over the Internet.<\/p>\n<\/li>\n<li class=\"wixui-rich-text__text\">\n<p class=\"font_8 wixui-rich-text__text\">You are responsible for maintaining the confidentiality of the password you use to access our website; we will not ask you for your password (except when you log in to our website).<\/p>\n<\/li>\n<\/ol>\n<h4 class=\"font_8 wixui-rich-text__text\">H. Amendments<\/h4>\n<p class=\"font_8 wixui-rich-text__text\">We may update this policy from time to time by posting a new version on our website. You should check this page periodically to ensure that you are aware of any changes to this policy. We may notify you of changes to this policy by e-mail or through our website&#8217;s private messaging service.<\/p>\n<h4 class=\"font_8 wixui-rich-text__text\">I. Your rights<\/h4>\n<p class=\"font_8 wixui-rich-text__text\">You may ask us to provide you with any personal information we hold about you; the transfer of such information will be subject to the following conditions:<\/p>\n<ol class=\"font_8 wixui-rich-text__text\">\n<li class=\"wixui-rich-text__text\">\n<p class=\"font_8 wixui-rich-text__text\">Payment of expenses and :<\/p>\n<\/li>\n<li class=\"wixui-rich-text__text\">\n<p class=\"font_8 wixui-rich-text__text\">Provide sufficient proof of your identity<\/p>\n<\/li>\n<\/ol>\n<p class=\"font_8 wixui-rich-text__text\">We may retain the personal information you request to the extent permitted by law.<\/p>\n<p class=\"font_8 wixui-rich-text__text\">You can ask us at any time not to process your personal information for marketing purposes.<\/p>\n<p class=\"font_8 wixui-rich-text__text\">In practice, you will expressly agree in advance to our use of your personal information for marketing purposes or we will provide you with an opportunity to opt-out of the use of your personal information for marketing purposes.<\/p>\n<h4 class=\"font_8 wixui-rich-text__text\">J. Third-party websites<\/h4>\n<p class=\"font_8 wixui-rich-text__text\">Our website contains hyperlinks to third-party websites and information about them. We have no control over these sites, and are not responsible for their privacy policies or practices.<\/p>\n<h4 class=\"font_8 wixui-rich-text__text\">K. Updating information<\/h4>\n<p class=\"font_8 wixui-rich-text__text\">Please let us know if the personal information we hold about you needs to be corrected or updated.<\/p>\n<p class=\"font_8 wixui-rich-text__text\"> <\/p>\t\t\t\t\t\t\t\t<\/div>\n\t\t\t\t<\/div>\n\t\t\t\t\t<\/div>\n\t\t\t\t<\/div>\n\t\t\t\t<\/div>\n\t\t","protected":false},"excerpt":{"rendered":"<p>Privacy policy A. Introduction The privacy of visitors to our website is very important to us, and we are committed to protecting it. This policy details what we do with your personal information. Consenting to our use of cookies in accordance with this policy on your first visit to our website allows us to use [&hellip;]<\/p>\n","protected":false},"author":1,"featured_media":0,"parent":0,"menu_order":0,"comment_status":"closed","ping_status":"open","template":"","meta":{"footnotes":""},"class_list":["post-7671","page","type-page","status-publish","hentry"],"yoast_head":"<!-- This site is optimized with the Yoast SEO plugin v27.3 - https:\/\/yoast.com\/product\/yoast-seo-wordpress\/ -->\n<title>Privacy policy - Powr Earth Foundation<\/title>\n<meta name=\"robots\" content=\"index, follow, max-snippet:-1, max-image-preview:large, max-video-preview:-1\" \/>\n<link rel=\"canonical\" href=\"https:\/\/www.powr.earth\/en\/privacy-policy\/\" \/>\n<meta property=\"og:locale\" content=\"en_US\" \/>\n<meta property=\"og:type\" content=\"article\" \/>\n<meta property=\"og:title\" content=\"Privacy policy - Powr Earth Foundation\" \/>\n<meta property=\"og:description\" content=\"Privacy policy A. Introduction The privacy of visitors to our website is very important to us, and we are committed to protecting it. This policy details what we do with your personal information. Consenting to our use of cookies in accordance with this policy on your first visit to our website allows us to use [&hellip;]\" \/>\n<meta property=\"og:url\" content=\"https:\/\/www.powr.earth\/en\/privacy-policy\/\" \/>\n<meta property=\"og:site_name\" content=\"Powr Earth Foundation\" \/>\n<meta property=\"article:modified_time\" content=\"2024-06-17T12:38:51+00:00\" \/>\n<meta name=\"twitter:card\" content=\"summary_large_image\" \/>\n<meta name=\"twitter:label1\" content=\"Est. reading time\" \/>\n\t<meta name=\"twitter:data1\" content=\"7 minutes\" \/>\n<script type=\"application\/ld+json\" class=\"yoast-schema-graph\">{\"@context\":\"https:\\\/\\\/schema.org\",\"@graph\":[{\"@type\":\"WebPage\",\"@id\":\"https:\\\/\\\/www.powr.earth\\\/en\\\/privacy-policy\\\/\",\"url\":\"https:\\\/\\\/www.powr.earth\\\/en\\\/privacy-policy\\\/\",\"name\":\"Privacy policy - Powr Earth Foundation\",\"isPartOf\":{\"@id\":\"https:\\\/\\\/www.powr.earth\\\/en\\\/#website\"},\"datePublished\":\"2024-05-22T07:40:39+00:00\",\"dateModified\":\"2024-06-17T12:38:51+00:00\",\"breadcrumb\":{\"@id\":\"https:\\\/\\\/www.powr.earth\\\/en\\\/privacy-policy\\\/#breadcrumb\"},\"inLanguage\":\"en-US\",\"potentialAction\":[{\"@type\":\"ReadAction\",\"target\":[\"https:\\\/\\\/www.powr.earth\\\/en\\\/privacy-policy\\\/\"]}]},{\"@type\":\"BreadcrumbList\",\"@id\":\"https:\\\/\\\/www.powr.earth\\\/en\\\/privacy-policy\\\/#breadcrumb\",\"itemListElement\":[{\"@type\":\"ListItem\",\"position\":1,\"name\":\"Accueil\",\"item\":\"https:\\\/\\\/www.powr.earth\\\/en\\\/\"},{\"@type\":\"ListItem\",\"position\":2,\"name\":\"Privacy policy\"}]},{\"@type\":\"WebSite\",\"@id\":\"https:\\\/\\\/www.powr.earth\\\/en\\\/#website\",\"url\":\"https:\\\/\\\/www.powr.earth\\\/en\\\/\",\"name\":\"Powr Earth Foundation\",\"description\":\"Acc\u00e9l\u00e9rons  la transition \u00e9nerg\u00e9tique en d\u00e9ployant les \u00e9nergies renouvelables\",\"publisher\":{\"@id\":\"https:\\\/\\\/www.powr.earth\\\/en\\\/#organization\"},\"potentialAction\":[{\"@type\":\"SearchAction\",\"target\":{\"@type\":\"EntryPoint\",\"urlTemplate\":\"https:\\\/\\\/www.powr.earth\\\/en\\\/?s={search_term_string}\"},\"query-input\":{\"@type\":\"PropertyValueSpecification\",\"valueRequired\":true,\"valueName\":\"search_term_string\"}}],\"inLanguage\":\"en-US\"},{\"@type\":\"Organization\",\"@id\":\"https:\\\/\\\/www.powr.earth\\\/en\\\/#organization\",\"name\":\"Powr Earth Foundation\",\"url\":\"https:\\\/\\\/www.powr.earth\\\/en\\\/\",\"logo\":{\"@type\":\"ImageObject\",\"inLanguage\":\"en-US\",\"@id\":\"https:\\\/\\\/www.powr.earth\\\/en\\\/#\\\/schema\\\/logo\\\/image\\\/\",\"url\":\"https:\\\/\\\/www.powr.earth\\\/wp-content\\\/uploads\\\/2024\\\/05\\\/logo-powr_earth-FOUNDATION2.png.webp\",\"contentUrl\":\"https:\\\/\\\/www.powr.earth\\\/wp-content\\\/uploads\\\/2024\\\/05\\\/logo-powr_earth-FOUNDATION2.png.webp\",\"width\":184,\"height\":138,\"caption\":\"Powr Earth Foundation\"},\"image\":{\"@id\":\"https:\\\/\\\/www.powr.earth\\\/en\\\/#\\\/schema\\\/logo\\\/image\\\/\"}}]}<\/script>\n<!-- \/ Yoast SEO plugin. -->","yoast_head_json":{"title":"Privacy policy - Powr Earth Foundation","robots":{"index":"index","follow":"follow","max-snippet":"max-snippet:-1","max-image-preview":"max-image-preview:large","max-video-preview":"max-video-preview:-1"},"canonical":"https:\/\/www.powr.earth\/en\/privacy-policy\/","og_locale":"en_US","og_type":"article","og_title":"Privacy policy - Powr Earth Foundation","og_description":"Privacy policy A. Introduction The privacy of visitors to our website is very important to us, and we are committed to protecting it. This policy details what we do with your personal information. Consenting to our use of cookies in accordance with this policy on your first visit to our website allows us to use [&hellip;]","og_url":"https:\/\/www.powr.earth\/en\/privacy-policy\/","og_site_name":"Powr Earth Foundation","article_modified_time":"2024-06-17T12:38:51+00:00","twitter_card":"summary_large_image","twitter_misc":{"Est. reading time":"7 minutes"},"schema":{"@context":"https:\/\/schema.org","@graph":[{"@type":"WebPage","@id":"https:\/\/www.powr.earth\/en\/privacy-policy\/","url":"https:\/\/www.powr.earth\/en\/privacy-policy\/","name":"Privacy policy - Powr Earth Foundation","isPartOf":{"@id":"https:\/\/www.powr.earth\/en\/#website"},"datePublished":"2024-05-22T07:40:39+00:00","dateModified":"2024-06-17T12:38:51+00:00","breadcrumb":{"@id":"https:\/\/www.powr.earth\/en\/privacy-policy\/#breadcrumb"},"inLanguage":"en-US","potentialAction":[{"@type":"ReadAction","target":["https:\/\/www.powr.earth\/en\/privacy-policy\/"]}]},{"@type":"BreadcrumbList","@id":"https:\/\/www.powr.earth\/en\/privacy-policy\/#breadcrumb","itemListElement":[{"@type":"ListItem","position":1,"name":"Accueil","item":"https:\/\/www.powr.earth\/en\/"},{"@type":"ListItem","position":2,"name":"Privacy policy"}]},{"@type":"WebSite","@id":"https:\/\/www.powr.earth\/en\/#website","url":"https:\/\/www.powr.earth\/en\/","name":"Powr Earth Foundation","description":"Acc\u00e9l\u00e9rons  la transition \u00e9nerg\u00e9tique en d\u00e9ployant les \u00e9nergies renouvelables","publisher":{"@id":"https:\/\/www.powr.earth\/en\/#organization"},"potentialAction":[{"@type":"SearchAction","target":{"@type":"EntryPoint","urlTemplate":"https:\/\/www.powr.earth\/en\/?s={search_term_string}"},"query-input":{"@type":"PropertyValueSpecification","valueRequired":true,"valueName":"search_term_string"}}],"inLanguage":"en-US"},{"@type":"Organization","@id":"https:\/\/www.powr.earth\/en\/#organization","name":"Powr Earth Foundation","url":"https:\/\/www.powr.earth\/en\/","logo":{"@type":"ImageObject","inLanguage":"en-US","@id":"https:\/\/www.powr.earth\/en\/#\/schema\/logo\/image\/","url":"https:\/\/www.powr.earth\/wp-content\/uploads\/2024\/05\/logo-powr_earth-FOUNDATION2.png.webp","contentUrl":"https:\/\/www.powr.earth\/wp-content\/uploads\/2024\/05\/logo-powr_earth-FOUNDATION2.png.webp","width":184,"height":138,"caption":"Powr Earth Foundation"},"image":{"@id":"https:\/\/www.powr.earth\/en\/#\/schema\/logo\/image\/"}}]}},"_links":{"self":[{"href":"https:\/\/www.powr.earth\/en\/wp-json\/wp\/v2\/pages\/7671","targetHints":{"allow":["GET"]}}],"collection":[{"href":"https:\/\/www.powr.earth\/en\/wp-json\/wp\/v2\/pages"}],"about":[{"href":"https:\/\/www.powr.earth\/en\/wp-json\/wp\/v2\/types\/page"}],"author":[{"embeddable":true,"href":"https:\/\/www.powr.earth\/en\/wp-json\/wp\/v2\/users\/1"}],"replies":[{"embeddable":true,"href":"https:\/\/www.powr.earth\/en\/wp-json\/wp\/v2\/comments?post=7671"}],"version-history":[{"count":1,"href":"https:\/\/www.powr.earth\/en\/wp-json\/wp\/v2\/pages\/7671\/revisions"}],"predecessor-version":[{"id":7673,"href":"https:\/\/www.powr.earth\/en\/wp-json\/wp\/v2\/pages\/7671\/revisions\/7673"}],"wp:attachment":[{"href":"https:\/\/www.powr.earth\/en\/wp-json\/wp\/v2\/media?parent=7671"}],"curies":[{"name":"wp","href":"https:\/\/api.w.org\/{rel}","templated":true}]}}