{"id":7485,"date":"2024-05-30T07:57:08","date_gmt":"2024-05-30T05:57:08","guid":{"rendered":"https:\/\/www.powr.earth\/terms-of-use\/"},"modified":"2024-06-17T14:36:58","modified_gmt":"2024-06-17T12:36:58","slug":"terms-of-use","status":"publish","type":"page","link":"https:\/\/www.powr.earth\/en\/terms-of-use\/","title":{"rendered":"Terms of use"},"content":{"rendered":"\t\t<div data-elementor-type=\"wp-page\" data-elementor-id=\"7485\" class=\"elementor elementor-7485 elementor-2050\" data-elementor-post-type=\"page\">\n\t\t\t\t\t\t<section class=\"elementor-section elementor-top-section elementor-element elementor-element-2bf245f elementor-section-boxed elementor-section-height-default elementor-section-height-default\" data-id=\"2bf245f\" data-element_type=\"section\" data-settings=\"{&quot;background_background&quot;:&quot;classic&quot;}\">\n\t\t\t\t\t\t<div class=\"elementor-container elementor-column-gap-no\">\n\t\t\t\t\t<div class=\"elementor-column elementor-col-100 elementor-top-column elementor-element elementor-element-258f8791\" data-id=\"258f8791\" data-element_type=\"column\">\n\t\t\t<div class=\"elementor-widget-wrap elementor-element-populated\">\n\t\t\t\t\t\t<section class=\"elementor-section elementor-inner-section elementor-element elementor-element-2ae773df elementor-section-content-middle elementor-section-boxed elementor-section-height-default elementor-section-height-default\" data-id=\"2ae773df\" data-element_type=\"section\">\n\t\t\t\t\t\t<div class=\"elementor-container elementor-column-gap-no\">\n\t\t\t\t\t<div class=\"elementor-column elementor-col-100 elementor-inner-column elementor-element elementor-element-5fe59916\" data-id=\"5fe59916\" data-element_type=\"column\">\n\t\t\t<div class=\"elementor-widget-wrap elementor-element-populated\">\n\t\t\t\t\t\t<div class=\"elementor-element elementor-element-1f9de5c8 elementor-widget__width-auto elementor-widget-mobile__width-inherit elementor-widget elementor-widget-heading\" data-id=\"1f9de5c8\" data-element_type=\"widget\" data-widget_type=\"heading.default\">\n\t\t\t\t<div class=\"elementor-widget-container\">\n\t\t\t\t\t<h1 class=\"elementor-heading-title elementor-size-default\">Terms of use<\/h1>\t\t\t\t<\/div>\n\t\t\t\t<\/div>\n\t\t\t\t\t<\/div>\n\t\t<\/div>\n\t\t\t\t\t<\/div>\n\t\t<\/section>\n\t\t\t\t<div class=\"elementor-element elementor-element-960365 elementor-hidden-mobile elementor-hidden-tablet elementor-widget-divider--view-line elementor-widget elementor-widget-divider\" data-id=\"960365\" data-element_type=\"widget\" data-widget_type=\"divider.default\">\n\t\t\t\t<div class=\"elementor-widget-container\">\n\t\t\t\t\t\t\t<div class=\"elementor-divider\">\n\t\t\t<span class=\"elementor-divider-separator\">\n\t\t\t\t\t\t<\/span>\n\t\t<\/div>\n\t\t\t\t\t\t<\/div>\n\t\t\t\t<\/div>\n\t\t\t\t\t<\/div>\n\t\t<\/div>\n\t\t\t\t\t<\/div>\n\t\t<\/section>\n\t\t<div class=\"elementor-element elementor-element-d4a6471 e-flex e-con-boxed e-con e-parent\" data-id=\"d4a6471\" data-element_type=\"container\">\n\t\t\t\t\t<div class=\"e-con-inner\">\n\t\t\t\t<div class=\"elementor-element elementor-element-64c317b elementor-widget elementor-widget-text-editor\" data-id=\"64c317b\" data-element_type=\"widget\" data-widget_type=\"text-editor.default\">\n\t\t\t\t<div class=\"elementor-widget-container\">\n\t\t\t\t\t\t\t\t\t<p class=\"font_8 wixui-rich-text__text\"><strong>This site is governed by international treaties and French legislation on copyright and intellectual property, and complies with the provisions of Law No. 2004-575 of June 21, 2004 for Confidence in the Digital Economy.  <\/strong><\/p>\n<p class=\"font_8 wixui-rich-text__text\">Reproduction of all or part of this site is strictly prohibited without the express authorization of POWR EARTH FOUNDATION. <span class=\"wixGuard wixui-rich-text__text\"><\/span><\/p>\n<p class=\"font_8 wixui-rich-text__text\">The powr.earth website is published by the POWR EARTH FOUNDATION &#8211; ZI DE LADOUX 16 RUE VERTE &#8211; 63118 CEBAZAT<\/p>\n<p class=\"font_8 wixui-rich-text__text\"><strong>Telephone<\/strong>: 02 28 44 31 21<\/p>\n<p class=\"font_8 wixui-rich-text__text\"><strong>Publication manager: <\/strong>Jean-Charles Drouvin, General Manager<\/p>\n<p class=\"font_8 wixui-rich-text__text\">This site is hosted by OVH SAS, 2 rue Kellermann &#8211; 59100 Roubaix &#8211; France<\/p>\n\t\t\t\t\t\t\t\t<\/div>\n\t\t\t\t<\/div>\n\t\t\t\t<div class=\"elementor-element elementor-element-efa8142 elementor-align-center elementor-widget elementor-widget-button\" data-id=\"efa8142\" data-element_type=\"widget\" data-widget_type=\"button.default\">\n\t\t\t\t<div class=\"elementor-widget-container\">\n\t\t\t\t\t\t\t\t\t<div class=\"elementor-button-wrapper\">\n\t\t\t\t\t<a class=\"elementor-button elementor-button-link elementor-size-sm\" href=\"http:\/\/dev.powr.earth\/politique-de-confidentialite\/\">\n\t\t\t\t\t\t<span class=\"elementor-button-content-wrapper\">\n\t\t\t\t\t\t\t\t\t<span class=\"elementor-button-text\">CONSULT THE PRIVACY POLICY<\/span>\n\t\t\t\t\t<\/span>\n\t\t\t\t\t<\/a>\n\t\t\t\t<\/div>\n\t\t\t\t\t\t\t\t<\/div>\n\t\t\t\t<\/div>\n\t\t\t\t\t<\/div>\n\t\t\t\t<\/div>\n\t\t\t\t<\/div>\n\t\t","protected":false},"excerpt":{"rendered":"<p>Terms of use This site is governed by international treaties and French legislation on copyright and intellectual property, and complies with the provisions of Law No. 2004-575 of June 21, 2004 for Confidence in the Digital Economy. Reproduction of all or part of this site is strictly prohibited without the express authorization of POWR EARTH [&hellip;]<\/p>\n","protected":false},"author":1,"featured_media":0,"parent":0,"menu_order":0,"comment_status":"closed","ping_status":"closed","template":"","meta":{"footnotes":""},"class_list":["post-7485","page","type-page","status-publish","hentry"],"yoast_head":"<!-- This site is optimized with the Yoast SEO plugin v27.3 - https:\/\/yoast.com\/product\/yoast-seo-wordpress\/ -->\n<title>Terms of use - Powr Earth Foundation<\/title>\n<meta name=\"robots\" content=\"index, follow, max-snippet:-1, max-image-preview:large, max-video-preview:-1\" \/>\n<link rel=\"canonical\" href=\"https:\/\/www.powr.earth\/en\/terms-of-use\/\" \/>\n<meta property=\"og:locale\" content=\"en_US\" \/>\n<meta property=\"og:type\" content=\"article\" \/>\n<meta property=\"og:title\" content=\"Terms of use - Powr Earth Foundation\" \/>\n<meta property=\"og:description\" content=\"Terms of use This site is governed by international treaties and French legislation on copyright and intellectual property, and complies with the provisions of Law No. 2004-575 of June 21, 2004 for Confidence in the Digital Economy. Reproduction of all or part of this site is strictly prohibited without the express authorization of POWR EARTH [&hellip;]\" \/>\n<meta property=\"og:url\" content=\"https:\/\/www.powr.earth\/en\/terms-of-use\/\" \/>\n<meta property=\"og:site_name\" content=\"Powr Earth Foundation\" \/>\n<meta property=\"article:modified_time\" content=\"2024-06-17T12:36:58+00:00\" \/>\n<meta name=\"twitter:card\" content=\"summary_large_image\" \/>\n<script type=\"application\/ld+json\" class=\"yoast-schema-graph\">{\"@context\":\"https:\\\/\\\/schema.org\",\"@graph\":[{\"@type\":\"WebPage\",\"@id\":\"https:\\\/\\\/www.powr.earth\\\/en\\\/terms-of-use\\\/\",\"url\":\"https:\\\/\\\/www.powr.earth\\\/en\\\/terms-of-use\\\/\",\"name\":\"Terms of use - Powr Earth Foundation\",\"isPartOf\":{\"@id\":\"https:\\\/\\\/www.powr.earth\\\/en\\\/#website\"},\"datePublished\":\"2024-05-30T05:57:08+00:00\",\"dateModified\":\"2024-06-17T12:36:58+00:00\",\"breadcrumb\":{\"@id\":\"https:\\\/\\\/www.powr.earth\\\/en\\\/terms-of-use\\\/#breadcrumb\"},\"inLanguage\":\"en-US\",\"potentialAction\":[{\"@type\":\"ReadAction\",\"target\":[\"https:\\\/\\\/www.powr.earth\\\/en\\\/terms-of-use\\\/\"]}]},{\"@type\":\"BreadcrumbList\",\"@id\":\"https:\\\/\\\/www.powr.earth\\\/en\\\/terms-of-use\\\/#breadcrumb\",\"itemListElement\":[{\"@type\":\"ListItem\",\"position\":1,\"name\":\"Accueil\",\"item\":\"https:\\\/\\\/www.powr.earth\\\/en\\\/\"},{\"@type\":\"ListItem\",\"position\":2,\"name\":\"Terms of use\"}]},{\"@type\":\"WebSite\",\"@id\":\"https:\\\/\\\/www.powr.earth\\\/en\\\/#website\",\"url\":\"https:\\\/\\\/www.powr.earth\\\/en\\\/\",\"name\":\"Powr Earth Foundation\",\"description\":\"Acc\u00e9l\u00e9rons  la transition \u00e9nerg\u00e9tique en d\u00e9ployant les \u00e9nergies renouvelables\",\"publisher\":{\"@id\":\"https:\\\/\\\/www.powr.earth\\\/en\\\/#organization\"},\"potentialAction\":[{\"@type\":\"SearchAction\",\"target\":{\"@type\":\"EntryPoint\",\"urlTemplate\":\"https:\\\/\\\/www.powr.earth\\\/en\\\/?s={search_term_string}\"},\"query-input\":{\"@type\":\"PropertyValueSpecification\",\"valueRequired\":true,\"valueName\":\"search_term_string\"}}],\"inLanguage\":\"en-US\"},{\"@type\":\"Organization\",\"@id\":\"https:\\\/\\\/www.powr.earth\\\/en\\\/#organization\",\"name\":\"Powr Earth Foundation\",\"url\":\"https:\\\/\\\/www.powr.earth\\\/en\\\/\",\"logo\":{\"@type\":\"ImageObject\",\"inLanguage\":\"en-US\",\"@id\":\"https:\\\/\\\/www.powr.earth\\\/en\\\/#\\\/schema\\\/logo\\\/image\\\/\",\"url\":\"https:\\\/\\\/www.powr.earth\\\/wp-content\\\/uploads\\\/2024\\\/05\\\/logo-powr_earth-FOUNDATION2.png.webp\",\"contentUrl\":\"https:\\\/\\\/www.powr.earth\\\/wp-content\\\/uploads\\\/2024\\\/05\\\/logo-powr_earth-FOUNDATION2.png.webp\",\"width\":184,\"height\":138,\"caption\":\"Powr Earth Foundation\"},\"image\":{\"@id\":\"https:\\\/\\\/www.powr.earth\\\/en\\\/#\\\/schema\\\/logo\\\/image\\\/\"}}]}<\/script>\n<!-- \/ Yoast SEO plugin. -->","yoast_head_json":{"title":"Terms of use - Powr Earth Foundation","robots":{"index":"index","follow":"follow","max-snippet":"max-snippet:-1","max-image-preview":"max-image-preview:large","max-video-preview":"max-video-preview:-1"},"canonical":"https:\/\/www.powr.earth\/en\/terms-of-use\/","og_locale":"en_US","og_type":"article","og_title":"Terms of use - Powr Earth Foundation","og_description":"Terms of use This site is governed by international treaties and French legislation on copyright and intellectual property, and complies with the provisions of Law No. 2004-575 of June 21, 2004 for Confidence in the Digital Economy. Reproduction of all or part of this site is strictly prohibited without the express authorization of POWR EARTH [&hellip;]","og_url":"https:\/\/www.powr.earth\/en\/terms-of-use\/","og_site_name":"Powr Earth Foundation","article_modified_time":"2024-06-17T12:36:58+00:00","twitter_card":"summary_large_image","schema":{"@context":"https:\/\/schema.org","@graph":[{"@type":"WebPage","@id":"https:\/\/www.powr.earth\/en\/terms-of-use\/","url":"https:\/\/www.powr.earth\/en\/terms-of-use\/","name":"Terms of use - Powr Earth Foundation","isPartOf":{"@id":"https:\/\/www.powr.earth\/en\/#website"},"datePublished":"2024-05-30T05:57:08+00:00","dateModified":"2024-06-17T12:36:58+00:00","breadcrumb":{"@id":"https:\/\/www.powr.earth\/en\/terms-of-use\/#breadcrumb"},"inLanguage":"en-US","potentialAction":[{"@type":"ReadAction","target":["https:\/\/www.powr.earth\/en\/terms-of-use\/"]}]},{"@type":"BreadcrumbList","@id":"https:\/\/www.powr.earth\/en\/terms-of-use\/#breadcrumb","itemListElement":[{"@type":"ListItem","position":1,"name":"Accueil","item":"https:\/\/www.powr.earth\/en\/"},{"@type":"ListItem","position":2,"name":"Terms of use"}]},{"@type":"WebSite","@id":"https:\/\/www.powr.earth\/en\/#website","url":"https:\/\/www.powr.earth\/en\/","name":"Powr Earth Foundation","description":"Acc\u00e9l\u00e9rons  la transition \u00e9nerg\u00e9tique en d\u00e9ployant les \u00e9nergies renouvelables","publisher":{"@id":"https:\/\/www.powr.earth\/en\/#organization"},"potentialAction":[{"@type":"SearchAction","target":{"@type":"EntryPoint","urlTemplate":"https:\/\/www.powr.earth\/en\/?s={search_term_string}"},"query-input":{"@type":"PropertyValueSpecification","valueRequired":true,"valueName":"search_term_string"}}],"inLanguage":"en-US"},{"@type":"Organization","@id":"https:\/\/www.powr.earth\/en\/#organization","name":"Powr Earth Foundation","url":"https:\/\/www.powr.earth\/en\/","logo":{"@type":"ImageObject","inLanguage":"en-US","@id":"https:\/\/www.powr.earth\/en\/#\/schema\/logo\/image\/","url":"https:\/\/www.powr.earth\/wp-content\/uploads\/2024\/05\/logo-powr_earth-FOUNDATION2.png.webp","contentUrl":"https:\/\/www.powr.earth\/wp-content\/uploads\/2024\/05\/logo-powr_earth-FOUNDATION2.png.webp","width":184,"height":138,"caption":"Powr Earth Foundation"},"image":{"@id":"https:\/\/www.powr.earth\/en\/#\/schema\/logo\/image\/"}}]}},"_links":{"self":[{"href":"https:\/\/www.powr.earth\/en\/wp-json\/wp\/v2\/pages\/7485","targetHints":{"allow":["GET"]}}],"collection":[{"href":"https:\/\/www.powr.earth\/en\/wp-json\/wp\/v2\/pages"}],"about":[{"href":"https:\/\/www.powr.earth\/en\/wp-json\/wp\/v2\/types\/page"}],"author":[{"embeddable":true,"href":"https:\/\/www.powr.earth\/en\/wp-json\/wp\/v2\/users\/1"}],"replies":[{"embeddable":true,"href":"https:\/\/www.powr.earth\/en\/wp-json\/wp\/v2\/comments?post=7485"}],"version-history":[{"count":1,"href":"https:\/\/www.powr.earth\/en\/wp-json\/wp\/v2\/pages\/7485\/revisions"}],"predecessor-version":[{"id":7488,"href":"https:\/\/www.powr.earth\/en\/wp-json\/wp\/v2\/pages\/7485\/revisions\/7488"}],"wp:attachment":[{"href":"https:\/\/www.powr.earth\/en\/wp-json\/wp\/v2\/media?parent=7485"}],"curies":[{"name":"wp","href":"https:\/\/api.w.org\/{rel}","templated":true}]}}